{"id":5,"date":"2020-06-18T08:46:11","date_gmt":"2020-06-18T08:46:11","guid":{"rendered":"https:\/\/karosseriebau-ralf-becker.de\/?page_id=5"},"modified":"2021-01-19T17:19:56","modified_gmt":"2021-01-19T17:19:56","slug":"karosseriebau-ralf-becker-coming-soon","status":"publish","type":"page","link":"https:\/\/karosseriebau-ralf-becker.de\/","title":{"rendered":"Karosseriebau Ralf Becker-Coming Soon"},"content":{"rendered":"\t\t<div data-elementor-type=\"wp-page\" data-elementor-id=\"5\" class=\"elementor elementor-5\">\n\t\t\t\t\t\t<section class=\"elementor-section elementor-top-section elementor-element elementor-element-4d7af324 elementor-section-content-top elementor-section-stretched elementor-section-boxed elementor-section-height-default elementor-section-height-default\" data-id=\"4d7af324\" data-element_type=\"section\" data-e-type=\"section\" data-settings=\"{&quot;background_background&quot;:&quot;classic&quot;,&quot;stretch_section&quot;:&quot;section-stretched&quot;}\">\n\t\t\t\t\t\t<div class=\"elementor-container elementor-column-gap-no\">\n\t\t\t\t\t<div class=\"elementor-column elementor-col-50 elementor-top-column elementor-element elementor-element-1651f4a1\" data-id=\"1651f4a1\" data-element_type=\"column\" data-e-type=\"column\">\n\t\t\t<div class=\"elementor-widget-wrap elementor-element-populated\">\n\t\t\t\t\t\t<div class=\"elementor-element elementor-element-89c0b54 elementor-widget elementor-widget-heading\" data-id=\"89c0b54\" data-element_type=\"widget\" data-e-type=\"widget\" data-widget_type=\"heading.default\">\n\t\t\t\t<div class=\"elementor-widget-container\">\n\t\t\t\t\t<h6 class=\"elementor-heading-title elementor-size-default\">Karosseriebau<br>Ralf Becker<\/h6>\t\t\t\t<\/div>\n\t\t\t\t<\/div>\n\t\t\t\t<div class=\"elementor-element elementor-element-4845aff elementor-widget elementor-widget-text-editor\" data-id=\"4845aff\" data-element_type=\"widget\" data-e-type=\"widget\" data-widget_type=\"text-editor.default\">\n\t\t\t\t<div class=\"elementor-widget-container\">\n\t\t\t\t\t\t\t\t\t<p>Website is coming soon<\/p>\t\t\t\t\t\t\t\t<\/div>\n\t\t\t\t<\/div>\n\t\t\t\t<div class=\"elementor-element elementor-element-e33ae75 elementor-widget-divider--view-line elementor-widget elementor-widget-divider\" data-id=\"e33ae75\" data-element_type=\"widget\" data-e-type=\"widget\" data-widget_type=\"divider.default\">\n\t\t\t\t<div class=\"elementor-widget-container\">\n\t\t\t\t\t\t\t<div class=\"elementor-divider\">\n\t\t\t<span class=\"elementor-divider-separator\">\n\t\t\t\t\t\t<\/span>\n\t\t<\/div>\n\t\t\t\t\t\t<\/div>\n\t\t\t\t<\/div>\n\t\t\t\t\t<\/div>\n\t\t<\/div>\n\t\t\t\t<div class=\"elementor-column elementor-col-50 elementor-top-column elementor-element elementor-element-20fa6e79\" data-id=\"20fa6e79\" data-element_type=\"column\" data-e-type=\"column\">\n\t\t\t<div class=\"elementor-widget-wrap elementor-element-populated\">\n\t\t\t\t\t\t<div class=\"elementor-element elementor-element-32ec87b7 elementor-widget elementor-widget-image\" data-id=\"32ec87b7\" data-element_type=\"widget\" data-e-type=\"widget\" data-widget_type=\"image.default\">\n\t\t\t\t<div class=\"elementor-widget-container\">\n\t\t\t\t\t\t\t\t\t\t\t\t\t\t\t<img fetchpriority=\"high\" decoding=\"async\" width=\"2362\" height=\"1434\" src=\"https:\/\/karosseriebau-ralf-becker.de\/wp-content\/uploads\/2020\/06\/Abbildung_1.jpg\" class=\"elementor-animation-grow attachment-full size-full wp-image-9\" alt=\"Karosseriebau Ralf Becker\" srcset=\"https:\/\/karosseriebau-ralf-becker.de\/wp-content\/uploads\/2020\/06\/Abbildung_1.jpg 2362w, https:\/\/karosseriebau-ralf-becker.de\/wp-content\/uploads\/2020\/06\/Abbildung_1-300x182.jpg 300w, https:\/\/karosseriebau-ralf-becker.de\/wp-content\/uploads\/2020\/06\/Abbildung_1-1024x622.jpg 1024w, https:\/\/karosseriebau-ralf-becker.de\/wp-content\/uploads\/2020\/06\/Abbildung_1-768x466.jpg 768w, https:\/\/karosseriebau-ralf-becker.de\/wp-content\/uploads\/2020\/06\/Abbildung_1-1536x933.jpg 1536w, https:\/\/karosseriebau-ralf-becker.de\/wp-content\/uploads\/2020\/06\/Abbildung_1-2048x1243.jpg 2048w\" sizes=\"(max-width: 2362px) 100vw, 2362px\" \/>\t\t\t\t\t\t\t\t\t\t\t\t\t\t\t<\/div>\n\t\t\t\t<\/div>\n\t\t\t\t<div class=\"elementor-element elementor-element-5562ec9e elementor-widget elementor-widget-text-editor\" data-id=\"5562ec9e\" data-element_type=\"widget\" data-e-type=\"widget\" data-widget_type=\"text-editor.default\">\n\t\t\t\t<div class=\"elementor-widget-container\">\n\t\t\t\t\t\t\t\t\t<h2>Unfallinstandsetzung &#8211; KFZ Technik<\/h2><p><strong>Ralf Becker Karosserie- und Fahrzeugbaumeister.<\/strong><\/p><p>Die Karosseriewerkstatt Ralf Becker ist Ihr Profipartner f\u00fcr Unfallinstandsetzung, Karosseriebau, Autoverglasung, Fahrzeugreparaturen, Fahrzeugwartung, Klimaservice, Bremsen-Service, Reifenservice und Reifeneinlagerung im Raum Aschaffenburg, Gro\u00dfostheim &#8211; Ringheim.<\/p>\t\t\t\t\t\t\t\t<\/div>\n\t\t\t\t<\/div>\n\t\t\t\t<div class=\"elementor-element elementor-element-f800c7f elementor-widget elementor-widget-text-editor\" data-id=\"f800c7f\" data-element_type=\"widget\" data-e-type=\"widget\" data-widget_type=\"text-editor.default\">\n\t\t\t\t<div class=\"elementor-widget-container\">\n\t\t\t\t\t\t\t\t\t<h3>Kontakt:<\/h3><p>S\u00fcdring 2a<br \/>63762 Gro\u00dfostheim \/ Ringheim<\/p><p>Tel.: 06026 9952410<\/p><p>Bitte um telefonische Terminvereinbarung!<\/p>\t\t\t\t\t\t\t\t<\/div>\n\t\t\t\t<\/div>\n\t\t\t\t\t<\/div>\n\t\t<\/div>\n\t\t\t\t\t<\/div>\n\t\t<\/section>\n\t\t\t\t<\/div>\n\t\t","protected":false},"excerpt":{"rendered":"<p>KarosseriebauRalf Becker Website is coming soon Unfallinstandsetzung &#8211; KFZ Technik Ralf Becker Karosserie- und Fahrzeugbaumeister. Die Karosseriewerkstatt Ralf Becker ist Ihr Profipartner f\u00fcr Unfallinstandsetzung, Karosseriebau, Autoverglasung, Fahrzeugreparaturen, Fahrzeugwartung, Klimaservice, Bremsen-Service, Reifenservice und Reifeneinlagerung im Raum Aschaffenburg, Gro\u00dfostheim &#8211; Ringheim. Kontakt: S\u00fcdring 2a63762 Gro\u00dfostheim \/ Ringheim Tel.: 06026 9952410 Bitte um telefonische Terminvereinbarung!<\/p>\n","protected":false},"author":1,"featured_media":0,"parent":0,"menu_order":0,"comment_status":"closed","ping_status":"closed","template":"template-microsite.php","meta":{"footnotes":""},"class_list":["post-5","page","type-page","status-publish","hentry"],"_links":{"self":[{"href":"https:\/\/karosseriebau-ralf-becker.de\/index.php?rest_route=\/wp\/v2\/pages\/5","targetHints":{"allow":["GET"]}}],"collection":[{"href":"https:\/\/karosseriebau-ralf-becker.de\/index.php?rest_route=\/wp\/v2\/pages"}],"about":[{"href":"https:\/\/karosseriebau-ralf-becker.de\/index.php?rest_route=\/wp\/v2\/types\/page"}],"author":[{"embeddable":true,"href":"https:\/\/karosseriebau-ralf-becker.de\/index.php?rest_route=\/wp\/v2\/users\/1"}],"replies":[{"embeddable":true,"href":"https:\/\/karosseriebau-ralf-becker.de\/index.php?rest_route=%2Fwp%2Fv2%2Fcomments&post=5"}],"version-history":[{"count":25,"href":"https:\/\/karosseriebau-ralf-becker.de\/index.php?rest_route=\/wp\/v2\/pages\/5\/revisions"}],"predecessor-version":[{"id":43,"href":"https:\/\/karosseriebau-ralf-becker.de\/index.php?rest_route=\/wp\/v2\/pages\/5\/revisions\/43"}],"wp:attachment":[{"href":"https:\/\/karosseriebau-ralf-becker.de\/index.php?rest_route=%2Fwp%2Fv2%2Fmedia&parent=5"}],"curies":[{"name":"wp","href":"https:\/\/api.w.org\/{rel}","templated":true}]}}